{"id":6985,"date":"2021-02-10T16:04:49","date_gmt":"2021-02-10T16:04:49","guid":{"rendered":"https:\/\/test.deya.do\/wp\/?page_id=6985"},"modified":"2025-01-14T17:04:23","modified_gmt":"2025-01-14T21:04:23","slug":"politicas-de-seguridad-para-la-transmision-de-datos-de-tarjetas","status":"publish","type":"page","link":"https:\/\/test.deya.do\/wp\/politicas-de-seguridad-para-la-transmision-de-datos-de-tarjetas\/","title":{"rendered":"Pol\u00edtica de Transmisi\u00f3n de Datos"},"content":{"rendered":"\t\t<div data-elementor-type=\"wp-page\" data-elementor-id=\"6985\" class=\"elementor elementor-6985\" data-elementor-post-type=\"page\">\n\t\t\t\t<div class=\"elementor-element elementor-element-44944874 e-flex e-con-boxed e-con e-parent\" data-id=\"44944874\" data-element_type=\"container\">\n\t\t\t\t\t<div class=\"e-con-inner\">\n\t\t\t\t<div class=\"elementor-element elementor-element-3a6b981 elementor-widget elementor-widget-text-editor\" data-id=\"3a6b981\" data-element_type=\"widget\" data-widget_type=\"text-editor.default\">\n\t\t\t\t<div class=\"elementor-widget-container\">\n\t\t\t\t\t\t\t<!-- wp:heading -->\n<h2>Pol\u00edticas de seguridad para la transmisi\u00f3n de datos de las tarjetas<\/h2>\n<!-- \/wp:heading --><!-- wp:heading {\"level\":3} -->\n<h3>Website<\/h3>\n<!-- \/wp:heading --><!-- wp:list -->\n<ul>\n<li>A trav\u00e9s de nuestra p\u00e1gina web no se guardan informaciones de tarjeta de cr\u00e9ditos o d\u00e9bito ya que se utilizan procesadores terceros de pago que son los que se encargan de hacer todo el proceso. Invitamos a leer nuestras\u00a0<a href=\"https:\/\/test.deya.do\/wp\/politica-privacidad\/\"><strong>Pol\u00edticas de Privacidad<\/strong><\/a>.<br \/><br \/><\/li>\n<li>Las \u00fanicas informaciones que pasan desde nuestra base de datos hacia la plataforma tercera son los datos del propietario, correo electr\u00f3nico y monto total a pagar.<br \/><br \/><\/li>\n<li>No garantizamos el funcionamiento a un 100% de la p\u00e1gina web ni que sea interrumpido el proceso de compra de planes. Nos excluimos de toda responsabilidad con respecto a la exactitud y contenido de la informaci\u00f3n desplegada.<br \/><br \/><\/li>\n<li>Tomamos todas las medidas y precauciones razonables para proteger tu informaci\u00f3n personal y seguimos las mejores pr\u00e1cticas de la industria para asegurar que tu informaci\u00f3n no sea utilizada de manera inapropiada, alterada o destruida.<br \/><br \/><\/li>\n<li>Ciframos la informaci\u00f3n de tu tarjeta de cr\u00e9dito utilizando la tecnolog\u00eda de capa de puertos seguros o Secure Sockets Layer (SSL), y la almacenamos con el cifrado AES-256. Tambi\u00e9n, seguimos todos los requerimientos del PCI-DSS.<\/li>\n<\/ul>\n<!-- \/wp:list --><!-- wp:heading {\"level\":3} -->\n<h3>Pagos<\/h3>\n<!-- \/wp:heading --><!-- wp:list -->\n<ul>\n<li>Ciertas caracter\u00edsticas del Servicio, incluido, entre otros, el pedido de Productos, pueden requerir que pague tarifas. Antes de pagar cualquier tarifa, tendr\u00e1 la oportunidad de revisar y aceptar las tarifas que se le cobrar\u00e1n. Todas las tarifas est\u00e1n en pesos dominicanos y no son reembolsables a menos que se indique lo contrario en nuestra <strong><a href=\"https:\/\/test.deya.do\/wp\/politica-de-reembolsos-cancelaciones-y-devoluciones\/\">Pol\u00edtica de Reembolsos<\/a>.<\/strong><br \/><br \/><\/li>\n<\/ul>\n<!-- \/wp:list --><!-- wp:list -->\n<ul>\n<li>DEYA BY DEWI PE\u00d1A se reserva el derecho de determinar el precio del servicio, incluido el precio de los Productos. DEYA BY DEWI PE\u00d1A, a su entera discreci\u00f3n, puede realizar ofertas promocionales con diferentes caracter\u00edsticas y precios diferentes a cualquiera de los clientes de DEYA BY DEWI PE\u00d1A. Estas ofertas promocionales, a menos que se le hagan a usted, no se aplicar\u00e1n a su oferta ni a estos T\u00e9rminos.<br \/><br \/><\/li>\n<li>Usted autoriza a DEYA BY DEWI PE\u00d1A o su procesador de pagos de terceros a cobrar todas las sumas por los pedidos de Productos que realice y las tarifas del Servicio como se describe en estos T\u00e9rminos o publicado por DEYA BY DEWI PE\u00d1A, al m\u00e9todo de pago que nos proporcione. Si paga alguna tarifa con una tarjeta de cr\u00e9dito, DEYA BY DEWI PE\u00d1A o su procesador de pagos externo puede solicitar la autorizaci\u00f3n previa de su cuenta de tarjeta de cr\u00e9dito antes de su compra para verificar que la tarjeta de cr\u00e9dito sea v\u00e1lida y tenga los fondos necesarios o el cr\u00e9dito disponible para cubrir tu compra.<br \/><br \/><\/li>\n<li>Requerimos que configure un m\u00e9todo de pago v\u00e1lido para su cuenta. Nos reservamos el derecho de cobrarle a su m\u00e9todo de pago seleccionado cualquier monto adeudado en virtud de los T\u00e9rminos de servicio o cualquier monto de compra o suscripci\u00f3n. Si hay un problema con el cargo en su m\u00e9todo de pago seleccionado, podemos cobrar cualquier otro m\u00e9todo de pago v\u00e1lido asociado con su cuenta. Usted nos autoriza a cargar cualquier m\u00e9todo de pago asociado con su cuenta, incluso si su m\u00e9todo de pago seleccionado es rechazado o ya no est\u00e1 disponible para su uso. Usted es responsable de todas las compras que utilicen el m\u00e9todo de pago asociado a su cuenta. \u201cM\u00e9todo de pago\u201d significa un m\u00e9todo de pago actual, v\u00e1lido y aceptado, que puede actualizarse de vez en cuando y que puede incluir el pago a trav\u00e9s de su cuenta con un tercero.<br \/><br \/><\/li>\n<\/ul>\n<!-- \/wp:list --><!-- wp:list -->\n<ul>\n<li>Los m\u00e9todos de pago utilizados por DEYA BY DEWI PE\u00d1A son servicios de terceros. Estos servicios de terceros (AZUL), cumplen con todos los est\u00e1ndares de seguridad y cifrado para mantener tu informaci\u00f3n segura. Solo utilizar\u00e1n la informaci\u00f3n necesaria para completar el proceso requerido.<br \/><br \/><\/li>\n<li>Recomendamos leer las pol\u00edticas de\u00a0<strong><a href=\"https:\/\/www.azul.com.do\/Pages\/es\/proteccion-en-transacciones.aspx\">Protecci\u00f3n de Azul<\/a>\u00a0<\/strong>para entender mejor c\u00f3mo se maneja la informaci\u00f3n suministrada.<\/li>\n<\/ul>\n<!-- \/wp:list --><!-- wp:paragraph -->\n<p>\u00a0<\/p>\n<!-- \/wp:paragraph --><!-- wp:paragraph -->\n<p><br \/><strong>Direcci\u00f3n permanente del Comercio<\/strong><\/p>\n<!-- \/wp:paragraph --><!-- wp:paragraph -->\n<p>C\/ Bienvenido Garc\u00eda Gautier no. 18, esq. Central, Arroyo Hondo Viejo, Santo Domingo, Rep\u00fablica Dominicana.<\/p>\n<!-- \/wp:paragraph --><!-- wp:paragraph -->\n<p><strong>Contacto<\/strong><\/p>\n<!-- \/wp:paragraph --><!-- wp:paragraph -->\n<p>+ 1 849 459 4533<\/p>\n<!-- \/wp:paragraph --><!-- wp:paragraph -->\n<p><a href=\"mailto:ecommerce@deya.do\">ecommerce@deya.do<\/a><\/p>\n<!-- \/wp:paragraph --><!-- wp:image {\"align\":\"right\",\"id\":7337,\"width\":275,\"height\":92,\"sizeSlug\":\"large\",\"linkDestination\":\"none\"} -->\n<div class=\"wp-block-image\">\n<figure class=\"alignright size-large is-resized\"><img decoding=\"async\" class=\"wp-image-7337\" src=\"https:\/\/test.deya.do\/wp\/wp-content\/uploads\/2021\/02\/Verified-1.png\" alt=\"\" width=\"275\" height=\"92\" srcset=\"https:\/\/test.deya.do\/wp\/wp-content\/uploads\/2021\/02\/Verified-1.png 800w, https:\/\/test.deya.do\/wp\/wp-content\/uploads\/2021\/02\/Verified-1-300x101.png 300w, https:\/\/test.deya.do\/wp\/wp-content\/uploads\/2021\/02\/Verified-1-768x257.png 768w\" sizes=\"(max-width: 275px) 100vw, 275px\" \/><\/figure>\n<\/div>\n<!-- \/wp:image -->\t\t\t\t\t\t<\/div>\n\t\t\t\t<\/div>\n\t\t\t\t\t<\/div>\n\t\t\t\t<\/div>\n\t\t\t\t<\/div>\n\t\t","protected":false},"excerpt":{"rendered":"<p>Pol\u00edticas de seguridad para la transmisi\u00f3n de datos de las tarjetas Website A trav\u00e9s de nuestra p\u00e1gina web no se guardan informaciones de tarjeta de cr\u00e9ditos o d\u00e9bito ya que se utilizan procesadores terceros de pago que son los que se encargan de hacer todo el proceso. Invitamos a leer nuestras\u00a0Pol\u00edticas de Privacidad. Las \u00fanicas [&hellip;]<\/p>\n","protected":false},"author":1046,"featured_media":0,"parent":0,"menu_order":0,"comment_status":"closed","ping_status":"closed","template":"","meta":{"_acf_changed":false,"inline_featured_image":false,"footnotes":""},"class_list":["post-6985","page","type-page","status-publish","hentry"],"acf":[],"_links":{"self":[{"href":"https:\/\/test.deya.do\/wp\/wp-json\/wp\/v2\/pages\/6985","targetHints":{"allow":["GET"]}}],"collection":[{"href":"https:\/\/test.deya.do\/wp\/wp-json\/wp\/v2\/pages"}],"about":[{"href":"https:\/\/test.deya.do\/wp\/wp-json\/wp\/v2\/types\/page"}],"author":[{"embeddable":true,"href":"https:\/\/test.deya.do\/wp\/wp-json\/wp\/v2\/users\/1046"}],"replies":[{"embeddable":true,"href":"https:\/\/test.deya.do\/wp\/wp-json\/wp\/v2\/comments?post=6985"}],"version-history":[{"count":19,"href":"https:\/\/test.deya.do\/wp\/wp-json\/wp\/v2\/pages\/6985\/revisions"}],"predecessor-version":[{"id":33505,"href":"https:\/\/test.deya.do\/wp\/wp-json\/wp\/v2\/pages\/6985\/revisions\/33505"}],"wp:attachment":[{"href":"https:\/\/test.deya.do\/wp\/wp-json\/wp\/v2\/media?parent=6985"}],"curies":[{"name":"wp","href":"https:\/\/api.w.org\/{rel}","templated":true}]}}