{"id":11316,"date":"2022-05-10T20:00:57","date_gmt":"2022-05-11T00:00:57","guid":{"rendered":"https:\/\/test.deya.do\/wp\/?post_type=product&#038;p=11316"},"modified":"2026-04-11T16:50:37","modified_gmt":"2026-04-11T20:50:37","slug":"deya-kids-bye-frizzy","status":"publish","type":"product","link":"https:\/\/test.deya.do\/wp\/product\/deya-kids-bye-frizzy\/","title":{"rendered":"Deya Kids Bye Frizzy"},"content":{"rendered":"<p>Deya Kids Bye Frizzy<\/p>\n<p>Deya Kids Bye Frizzy. Crema de peinar nutritiva, hidratante y suavizante. Acondiciona y protege el cabello de los ni\u00f1os. F\u00f3rmula suave y con PH balanceado, contiene ingredientes naturales que promueven el crecimiento sano del cabello, aport\u00e1ndole sedosidad, brillo, fortalecimiento y control del encrespamiento.<\/p>\n<p>INGREDIENTES PRINCIPALES Y SUS BENEFICIOS:<\/p>\n<p>Extracto de Yogurt<\/p>\n<p>Aloe Vera<\/p>\n<p>Aceite de Castor<\/p>\n<p>Manteca de Karit\u00e9<\/p>\n<p><strong>\u00bfC\u00f3mo lo uso?\u00a0<\/strong>Aplicar una peque\u00f1a cantidad y distribuir de manera uniforme en el cabello mojado o seco. No enjuague. Finalmente, proceda a peinar. Tambi\u00e9n se puede usar para definir ondas y rizos.<\/p>\n<p><strong>INGREDIENTES:<\/strong>\u00a0desionized water, cethyl alcohol, behentrimonium cetearyl alcohol, yogurt extract, aloe vera extract, castor oil, shea butter, glycerine, isopropyl myristate, lauryl alcohol mystryl, panthenol, cocoglucoside, glyceryl oleate, citric acid, cetrimonium chloride, fragrance and diazolidinyl iodopropinyl buthyl carbamate.<\/p>\n<p><strong>\u00bfCu\u00e1les precauciones debo tomar en cuenta?<\/strong><strong>:<\/strong> Si observa una reacci\u00f3n al\u00e9rgica, interrumpa inmediatamente su uso y consulte a un m\u00e9dico. Evite el contacto con los ojos. Mantener fuera del alcance de los ni\u00f1os. Conservar en lugar fresco y seco.<\/p>\n<p>Duraci\u00f3n: 12 meses<\/p>\n<p>\u00bfCon cu\u00e1les productos puedo combinarlo?<\/p>\n<p>Glossy Mask, Shiny shampoo, Super Silky Leave-in, Deya Wax<\/p>\n","protected":false},"excerpt":{"rendered":"<p class=\"p1\"><span class=\"s1\"><b>Descripcion<br \/>\n<\/b><\/span>Crema de peinar nutritiva, hidratante y suavizante. Acondiciona y protege el cabello de los ni\u00f1os. F\u00f3rmula suave y con PH balanceado, contiene ingredientes naturales que promueven el crecimiento sano del cabello, aport\u00e1ndole sedosidad, brillo, fortalecimiento y control del encrespamiento.<\/p>\n","protected":false},"featured_media":20085,"comment_status":"open","ping_status":"closed","template":"","meta":{"_acf_changed":false,"inline_featured_image":false},"product_cat":[328,579],"product_tag":[],"class_list":{"0":"post-11316","1":"product","2":"type-product","3":"status-publish","4":"has-post-thumbnail","6":"product_cat-deya-kids","7":"product_cat-tratamientos","9":"first","10":"instock","11":"featured","12":"taxable","13":"shipping-taxable","14":"purchasable","15":"product-type-simple"},"acf":[],"_links":{"self":[{"href":"https:\/\/test.deya.do\/wp\/wp-json\/wp\/v2\/product\/11316","targetHints":{"allow":["GET"]}}],"collection":[{"href":"https:\/\/test.deya.do\/wp\/wp-json\/wp\/v2\/product"}],"about":[{"href":"https:\/\/test.deya.do\/wp\/wp-json\/wp\/v2\/types\/product"}],"replies":[{"embeddable":true,"href":"https:\/\/test.deya.do\/wp\/wp-json\/wp\/v2\/comments?post=11316"}],"version-history":[{"count":1,"href":"https:\/\/test.deya.do\/wp\/wp-json\/wp\/v2\/product\/11316\/revisions"}],"predecessor-version":[{"id":11709,"href":"https:\/\/test.deya.do\/wp\/wp-json\/wp\/v2\/product\/11316\/revisions\/11709"}],"wp:featuredmedia":[{"embeddable":true,"href":"https:\/\/test.deya.do\/wp\/wp-json\/wp\/v2\/media\/20085"}],"wp:attachment":[{"href":"https:\/\/test.deya.do\/wp\/wp-json\/wp\/v2\/media?parent=11316"}],"wp:term":[{"taxonomy":"product_cat","embeddable":true,"href":"https:\/\/test.deya.do\/wp\/wp-json\/wp\/v2\/product_cat?post=11316"},{"taxonomy":"product_tag","embeddable":true,"href":"https:\/\/test.deya.do\/wp\/wp-json\/wp\/v2\/product_tag?post=11316"}],"curies":[{"name":"wp","href":"https:\/\/api.w.org\/{rel}","templated":true}]}}