{"id":12429,"date":"2022-11-14T00:00:23","date_gmt":"2022-11-14T04:00:23","guid":{"rendered":"https:\/\/test.deya.do\/wp\/?post_type=product&#038;p=12429"},"modified":"2025-01-08T13:44:55","modified_gmt":"2025-01-08T17:44:55","slug":"kit-cabello-graso-crecimiento-anticaida","status":"publish","type":"product","link":"https:\/\/test.deya.do\/wp\/product\/kit-cabello-graso-crecimiento-anticaida\/","title":{"rendered":"Kit Cabello Graso (Crecimiento\/Antica\u00edda)"},"content":{"rendered":"<p>Kit Cabello Graso (Crecimiento\/Antica\u00edda)<\/p>\n<p>Kit Cabello Graso (Crecimiento\/Antica\u00edda) Esta es una edici\u00f3n especial de nuestro Bultico Deya, ahora de Crecimiento y Antica\u00edda.<\/p>\n<p><strong>Deya Grip:<\/strong> es un tratamiento capilar intensivo que ayuda a fortalecer y rejuvenecer el cabello y el cuero cabelludo, previniendo la ca\u00edda prematura. Contiene un equilibrio de extractos naturales, vitaminas y prote\u00ednas que aportan fuerza y vitalidad.<\/p>\n<p><strong>Deya Growth: <\/strong>Es una loci\u00f3n capilar elaborada con extractos naturales que nutren y vigorizan el cuero cabelludo, proporcionando a los fol\u00edculos los nutrientes necesarios para promover el crecimiento del cabello sano.<\/p>\n","protected":false},"excerpt":{"rendered":"<p>\u2022 Olive Juice Shampoo 2oz<br \/>\n\u2022 Emergency 4 oz\u00a0 \u00f3 Caf\u00e9 &amp; Cacao 4oz<br \/>\n\u2022 Deya Grip 2oz \u00f3 Deya Growth 2oz<br \/>\n\u2022 Leave In Coconut 1oz<\/p>\n","protected":false},"featured_media":33347,"comment_status":"open","ping_status":"closed","template":"","meta":{"_acf_changed":false,"inline_featured_image":false},"product_cat":[168],"product_tag":[],"class_list":{"0":"post-12429","1":"product","2":"type-product","3":"status-publish","4":"has-post-thumbnail","6":"product_cat-kit-travel-size","8":"first","9":"instock","10":"taxable","11":"shipping-taxable","12":"purchasable","13":"product-type-variable"},"acf":[],"_links":{"self":[{"href":"https:\/\/test.deya.do\/wp\/wp-json\/wp\/v2\/product\/12429","targetHints":{"allow":["GET"]}}],"collection":[{"href":"https:\/\/test.deya.do\/wp\/wp-json\/wp\/v2\/product"}],"about":[{"href":"https:\/\/test.deya.do\/wp\/wp-json\/wp\/v2\/types\/product"}],"replies":[{"embeddable":true,"href":"https:\/\/test.deya.do\/wp\/wp-json\/wp\/v2\/comments?post=12429"}],"version-history":[{"count":2,"href":"https:\/\/test.deya.do\/wp\/wp-json\/wp\/v2\/product\/12429\/revisions"}],"predecessor-version":[{"id":33352,"href":"https:\/\/test.deya.do\/wp\/wp-json\/wp\/v2\/product\/12429\/revisions\/33352"}],"wp:featuredmedia":[{"embeddable":true,"href":"https:\/\/test.deya.do\/wp\/wp-json\/wp\/v2\/media\/33347"}],"wp:attachment":[{"href":"https:\/\/test.deya.do\/wp\/wp-json\/wp\/v2\/media?parent=12429"}],"wp:term":[{"taxonomy":"product_cat","embeddable":true,"href":"https:\/\/test.deya.do\/wp\/wp-json\/wp\/v2\/product_cat?post=12429"},{"taxonomy":"product_tag","embeddable":true,"href":"https:\/\/test.deya.do\/wp\/wp-json\/wp\/v2\/product_tag?post=12429"}],"curies":[{"name":"wp","href":"https:\/\/api.w.org\/{rel}","templated":true}]}}