{"id":31933,"date":"2024-10-18T17:56:47","date_gmt":"2024-10-18T21:56:47","guid":{"rendered":"https:\/\/test.deya.do\/wp\/?post_type=product&#038;p=31933"},"modified":"2025-02-14T01:02:03","modified_gmt":"2025-02-14T05:02:03","slug":"deya-rutina-fortalecedora","status":"publish","type":"product","link":"https:\/\/test.deya.do\/wp\/product\/deya-rutina-fortalecedora\/","title":{"rendered":"Deya Rutina Fortalecedora"},"content":{"rendered":"<p data-start=\"304\" data-end=\"625\">Un cabello fuerte y resistente necesita una rutina que lo proteja desde la ra\u00edz y lo nutra en profundidad. La <strong data-start=\"414\" data-end=\"443\">Rutina DEYA Fortalecedora<\/strong> de <a href=\"https:\/\/www.instagram.com\/deyabydewipena\/\"><strong data-start=\"447\" data-end=\"468\">DEYA by Dewi Pe\u00f1a<\/strong><\/a> ha sido dise\u00f1ada con ingredientes especializados para reforzar la estructura capilar, prevenir el quiebre y mantener una melena saludable y llena de vida.<\/p>\n<p data-start=\"627\" data-end=\"954\">El primer paso de la <strong data-start=\"648\" data-end=\"677\"><a href=\"https:\/\/test.deya.do\/wp\/product-category\/rutinas\/\">Rutina DEYA<\/a> Fortalecedora<\/strong> es aplicar el <strong data-start=\"692\" data-end=\"708\">Pre Poo DEYA<\/strong> antes del lavado. Este tratamiento previo prepara el cabello, protegi\u00e9ndolo de la fricci\u00f3n y el da\u00f1o mientras aporta hidrataci\u00f3n. Se recomienda masajearlo suavemente en todo el cabello y dejar actuar por <strong data-start=\"913\" data-end=\"933\">10 minutos o m\u00e1s<\/strong> antes de enjuagar.<\/p>\n<p data-start=\"956\" data-end=\"1341\">A continuaci\u00f3n, lava con <strong data-start=\"981\" data-end=\"999\">Velvet Shampoo<\/strong>, que limpia en profundidad sin agredir la fibra capilar. Se recomienda lavar de <strong data-start=\"1080\" data-end=\"1095\">2 a 3 veces<\/strong> seg\u00fan la necesidad y retirar con abundante agua. Luego, aplica las ampollas <strong data-start=\"1172\" data-end=\"1188\">Strong Boost<\/strong>, distribuy\u00e9ndolas con un ligero masaje en todo el cabello. Estas no se retiran, ya que est\u00e1n dise\u00f1adas para fortalecer y proteger durante todo el d\u00eda.<\/p>\n<p data-start=\"1343\" data-end=\"1674\">El siguiente paso es aplicar <strong data-start=\"1372\" data-end=\"1386\">Ionic Milk<\/strong>, una f\u00f3rmula dise\u00f1ada para hidratar, suavizar y sellar la cut\u00edcula. D\u00e9jalo actuar entre <strong data-start=\"1475\" data-end=\"1493\">5 y 10 minutos<\/strong> y enjuaga con abundante agua fr\u00eda para potenciar su efecto. Finalmente, sella la rutina con el <strong data-start=\"1589\" data-end=\"1603\">Serum DEYA<\/strong>, que aporta brillo, suavidad y protecci\u00f3n contra agresores externos.<\/p>\n<p data-start=\"1676\" data-end=\"1979\" data-is-last-node=\"\">Con la <strong data-start=\"1683\" data-end=\"1712\">Rutina DEYA Fortalecedora<\/strong>, tu cabello recibir\u00e1 la nutrici\u00f3n y el refuerzo que necesita para mantenerse fuerte, saludable y sin quiebres. Sigue cada paso y transforma tu melena con el mejor cuidado capilar de <strong data-start=\"1895\" data-end=\"1916\">DEYA by Dewi Pe\u00f1a<\/strong>. \u00a1Descubre el poder de una melena fortalecida y llena de vida!<\/p>\n<p>Esta rutina incluye:<\/p>\n<p>Velvet Shampoo 16oz<br \/>\nStrong Boost 6und<br \/>\nIonic Milk 16oz<br \/>\nSerum 5oz<br \/>\nPre Poo 16oz<\/p>\n<p>Incluye bolso de sal\u00f3n.<\/p>\n","protected":false},"excerpt":{"rendered":"<p data-start=\"304\" data-end=\"625\">Un cabello fuerte y resistente necesita una rutina que lo proteja desde la ra\u00edz y lo nutra en profundidad. La <strong data-start=\"414\" data-end=\"443\">Rutina DEYA Fortalecedora<\/strong> de <a href=\"https:\/\/www.instagram.com\/deyabydewipena\/\"><strong data-start=\"447\" data-end=\"468\">DEYA by Dewi Pe\u00f1a<\/strong><\/a> ha sido dise\u00f1ada con ingredientes especializados para reforzar la estructura capilar, prevenir el quiebre y mantener una melena saludable y llena de vida.<\/p>\n<p data-start=\"627\" data-end=\"954\">El primer paso de la <strong data-start=\"648\" data-end=\"677\"><a href=\"https:\/\/test.deya.do\/wp\/product-category\/rutinas\/\">Rutina DEYA<\/a> Fortalecedora<\/strong> es aplicar el <strong data-start=\"692\" data-end=\"708\">Pre Poo DEYA<\/strong> antes del lavado. Este tratamiento previo prepara el cabello, protegi\u00e9ndolo de la fricci\u00f3n y el da\u00f1o mientras aporta hidrataci\u00f3n. Se recomienda masajearlo suavemente en todo el cabello y dejar actuar por <strong data-start=\"913\" data-end=\"933\">10 minutos o m\u00e1s<\/strong> antes de enjuagar.<\/p>\n<p data-start=\"956\" data-end=\"1341\">A continuaci\u00f3n, lava con <strong data-start=\"981\" data-end=\"999\">Velvet Shampoo<\/strong>, que limpia en profundidad sin agredir la fibra capilar. Se recomienda lavar de <strong data-start=\"1080\" data-end=\"1095\">2 a 3 veces<\/strong> seg\u00fan la necesidad y retirar con abundante agua. Luego, aplica las ampollas <strong data-start=\"1172\" data-end=\"1188\">Strong Boost<\/strong>, distribuy\u00e9ndolas con un ligero masaje en todo el cabello. Estas no se retiran, ya que est\u00e1n dise\u00f1adas para fortalecer y proteger durante todo el d\u00eda.<\/p>\n<p data-start=\"1343\" data-end=\"1674\">El siguiente paso es aplicar <strong data-start=\"1372\" data-end=\"1386\">Ionic Milk<\/strong>, una f\u00f3rmula dise\u00f1ada para hidratar, suavizar y sellar la cut\u00edcula. D\u00e9jalo actuar entre <strong data-start=\"1475\" data-end=\"1493\">5 y 10 minutos<\/strong> y enjuaga con abundante agua fr\u00eda para potenciar su efecto. Finalmente, sella la rutina con el <strong data-start=\"1589\" data-end=\"1603\">Serum DEYA<\/strong>, que aporta brillo, suavidad y protecci\u00f3n contra agresores externos.<\/p>\n<p data-start=\"1676\" data-end=\"1979\" data-is-last-node=\"\">Con la <strong data-start=\"1683\" data-end=\"1712\">Rutina DEYA Fortalecedora<\/strong>, tu cabello recibir\u00e1 la nutrici\u00f3n y el refuerzo que necesita para mantenerse fuerte, saludable y sin quiebres. Sigue cada paso y transforma tu melena con el mejor cuidado capilar de <strong data-start=\"1895\" data-end=\"1916\">DEYA by Dewi Pe\u00f1a<\/strong>. \u00a1Descubre el poder de una melena fortalecida y llena de vida!<\/p>\n<p>Esta rutina incluye:<\/p>\n<p>Velvet Shampoo 16oz<br \/>\nStrong Boost 6und<br \/>\nIonic Milk 16oz<br \/>\nSerum 5oz<br \/>\nPre Poo 16oz<\/p>\n<p>Incluye bolso de sal\u00f3n.<\/p>\n","protected":false},"featured_media":33719,"comment_status":"open","ping_status":"closed","template":"","meta":{"_acf_changed":false,"inline_featured_image":false},"product_cat":[101],"product_tag":[],"class_list":{"0":"post-31933","1":"product","2":"type-product","3":"status-publish","4":"has-post-thumbnail","6":"product_cat-rutinas","8":"first","9":"instock","10":"taxable","11":"shipping-taxable","12":"purchasable","13":"product-type-simple"},"acf":[],"_links":{"self":[{"href":"https:\/\/test.deya.do\/wp\/wp-json\/wp\/v2\/product\/31933","targetHints":{"allow":["GET"]}}],"collection":[{"href":"https:\/\/test.deya.do\/wp\/wp-json\/wp\/v2\/product"}],"about":[{"href":"https:\/\/test.deya.do\/wp\/wp-json\/wp\/v2\/types\/product"}],"replies":[{"embeddable":true,"href":"https:\/\/test.deya.do\/wp\/wp-json\/wp\/v2\/comments?post=31933"}],"version-history":[{"count":4,"href":"https:\/\/test.deya.do\/wp\/wp-json\/wp\/v2\/product\/31933\/revisions"}],"predecessor-version":[{"id":33825,"href":"https:\/\/test.deya.do\/wp\/wp-json\/wp\/v2\/product\/31933\/revisions\/33825"}],"wp:featuredmedia":[{"embeddable":true,"href":"https:\/\/test.deya.do\/wp\/wp-json\/wp\/v2\/media\/33719"}],"wp:attachment":[{"href":"https:\/\/test.deya.do\/wp\/wp-json\/wp\/v2\/media?parent=31933"}],"wp:term":[{"taxonomy":"product_cat","embeddable":true,"href":"https:\/\/test.deya.do\/wp\/wp-json\/wp\/v2\/product_cat?post=31933"},{"taxonomy":"product_tag","embeddable":true,"href":"https:\/\/test.deya.do\/wp\/wp-json\/wp\/v2\/product_tag?post=31933"}],"curies":[{"name":"wp","href":"https:\/\/api.w.org\/{rel}","templated":true}]}}